{"id":422,"date":"2025-05-23T15:36:18","date_gmt":"2025-05-23T15:36:18","guid":{"rendered":"https:\/\/celsius.ca\/?page_id=422"},"modified":"2025-06-11T16:02:59","modified_gmt":"2025-06-11T16:02:59","slug":"brand-ambassadors","status":"publish","type":"page","link":"https:\/\/celsius.ca\/fr\/brand-ambassadors\/","title":{"rendered":"Brand Ambassadors"},"content":{"rendered":"<h6>\n\t\t\tAMBASSADEURS\t<\/h6>\n<h1>\n\t\t\tAmbassadeur de la marque Celsius\t<\/h1>\n<h6>\n\t\t\t\u00caTES-VOUS PR\u00caT(E)?\t<\/h6>\n\n<h1>\n\t\t\tSOUMETTEZ VOTRE CANDIDATURE AU PROGRAMME AMBASSADEURS ET AMBASSADRICES DE LA MARQUE CELSIUS D\u00c8S AUJOURD'HUI.\t<\/h1>\n\t<p>Les ambassadeurs et ambassadrices de la marque CELSIUS personnifient le mode de vie LIVE FIT\u2122. Leurs rangs comptent non seulement des sportifs de fin de semaine, des entra\u00eeneurs personnels certifi\u00e9s et des athl\u00e8tes professionnels et amateurs, mais aussi des personnes qui aiment simplement se sentir au mieux de leur forme en menant une vie positive et \u00e9quilibr\u00e9e. Mais pour \u00eatre ambassadeur ou ambassadrice de la marque CELSIUS, c'est la passion qu\u2019il vous faut avant tout!<\/p>\n\t\t\t<a href=\"https:\/\/club.co\/celsius_canada\" target=\"_blank\" rel=\"noopener\">\n\t\t\t\t\t\t\tPOSTULER MAINTENANT\n\t\t\t\t\t<\/a>\n\t\t\t\t<a href=\"https:\/\/celsius.ca\/wp-content\/uploads\/2025\/05\/83021110_840990969707086_126651628387945590_n.jpg\"  target=\"_self\" itemprop=\"url\">\n\t\t\t\t<img decoding=\"async\" src=\"https:\/\/celsius.ca\/wp-content\/uploads\/2025\/05\/83021110_840990969707086_126651628387945590_n.jpg\" alt=\"83021110_840990969707086_126651628387945590_n\" itemprop=\"image\" height=\"750\" width=\"750\" title=\"83021110_840990969707086_126651628387945590_n\" onerror=\"this.style.display='none'\" loading='lazy' \/>\n\t\t\t\t<\/a>\n\t\t\t\t<a href=\"https:\/\/celsius.ca\/wp-content\/uploads\/2025\/05\/74926542_580958799396806_3464676256883444897_n.jpg\"  target=\"_self\" itemprop=\"url\">\n\t\t\t\t<img decoding=\"async\" src=\"https:\/\/celsius.ca\/wp-content\/uploads\/2025\/05\/74926542_580958799396806_3464676256883444897_n.jpg\" alt=\"74926542_580958799396806_3464676256883444897_n\" itemprop=\"image\" height=\"750\" width=\"600\" title=\"74926542_580958799396806_3464676256883444897_n\" onerror=\"this.style.display='none'\" loading='lazy' \/>\n\t\t\t\t<\/a>\n\t\t\t\t<a href=\"https:\/\/celsius.ca\/wp-content\/uploads\/2025\/05\/82592415_597777224133771_6624645806946760410_n.jpg\"  target=\"_self\" itemprop=\"url\">\n\t\t\t\t<img decoding=\"async\" src=\"https:\/\/celsius.ca\/wp-content\/uploads\/2025\/05\/82592415_597777224133771_6624645806946760410_n.jpg\" alt=\"82592415_597777224133771_6624645806946760410_n\" itemprop=\"image\" height=\"750\" width=\"600\" title=\"82592415_597777224133771_6624645806946760410_n\" onerror=\"this.style.display='none'\" loading='lazy' \/>\n\t\t\t\t<\/a>\n\t\t\t\t<a href=\"https:\/\/celsius.ca\/wp-content\/uploads\/2025\/05\/87225054_582637849003392_620933632082218807_n.jpg\"  target=\"_self\" itemprop=\"url\">\n\t\t\t\t<img decoding=\"async\" src=\"https:\/\/celsius.ca\/wp-content\/uploads\/2025\/05\/87225054_582637849003392_620933632082218807_n.jpg\" alt=\"87225054_582637849003392_620933632082218807_n\" itemprop=\"image\" height=\"750\" width=\"679\" title=\"87225054_582637849003392_620933632082218807_n\" onerror=\"this.style.display='none'\" loading='lazy' \/>\n\t\t\t\t<\/a>\n\t\t\t\t<a href=\"https:\/\/celsius.ca\/wp-content\/uploads\/2025\/05\/81535758_1420031601535026_1309598966087533040_n.jpg\"  target=\"_self\" itemprop=\"url\">\n\t\t\t\t<img decoding=\"async\" src=\"https:\/\/celsius.ca\/wp-content\/uploads\/2025\/05\/81535758_1420031601535026_1309598966087533040_n.jpg\" alt=\"81535758_1420031601535026_1309598966087533040_n\" itemprop=\"image\" height=\"750\" width=\"600\" title=\"81535758_1420031601535026_1309598966087533040_n\" onerror=\"this.style.display='none'\" loading='lazy' \/>\n\t\t\t\t<\/a>\n<h3>\n\t\t\tAVANTAGES D'\u00caTRE AMBASSADEUR OU AMBASSADRICE DE LA MARQUE CELSIUS\t<\/h3>\n\t<p>Our team chooses Brand Ambassadors based on enthusiasm and community engagement, both locally and virtually. Social media skills, content creation, and writing are all very important to CELSIUS, but above all, CELSIUS is looking for inspiration and active involvement from YOU! Your job as a CELSIUS Brand Ambassador is simple as can be -avidly represent the essence of CELSIUS over your contracted term.<\/p>\n\t     <a href=\"javascript:void(0)\" onclick=\"handleClick(event)\"> REJOIGNEZ NOTRE COMMUNAUT\u00c9 <\/a>    \n<h3>\n\t\t\tCOMMENT DEVENIR AMBASSADEUR OU AMBASSADRICE DE LA MARQUE CELSIUS\t<\/h3>\n\t<p>We&#8217;re so pleased you thought of CELSIUS and we can&#8217;t wait to hear from you! For consideration, please submit the following application by clicking the link below.<\/p>\n\t\t\t<a href=\"https:\/\/club.co\/celsius_canada\" target=\"_blank\" rel=\"noopener\">\n\t\t\t\t\t\t\tPOSTULER MAINTENANT\n\t\t\t\t\t<\/a>\n<h3>\n\t\t\tFaites parti de notre communaut\u00e9 sur Instagram\t<\/h3>\n\t\t\t<a href=\"https:\/\/www.instagram.com\/celsius_canada\/\" target=\"_self\">\n\t\t\t\t\t\t\t@CELSIUS_CANADA\n\t\t\t<\/a>","protected":false},"excerpt":{"rendered":"<p>AMBASSADORS CELSIUS BRAND AMBASSADORS ARE YOU READY? APPLY FOR THE CELSIUS BRAND AMBASSADOR PROGRAM TODAY. A CELSIUS Brand Ambassador embodies a lifestyle dedicated to Living Fit! Some are weekend warriors, certified personal trainers, or professional and non-professional athletes, while some just want to follow a healthy regime by living a positive, balanced, and fit life. [&hellip;]<\/p>","protected":false},"author":3,"featured_media":0,"parent":0,"menu_order":0,"comment_status":"closed","ping_status":"closed","template":"","meta":{"passster_activate_protection":false,"passster_protect_child_pages":"","passster_protection_type":"password","passster_password":"","passster_activate_overwrite_defaults":"","passster_headline":"","passster_instruction":"","passster_placeholder":"","passster_button":"","passster_id":"","passster_activate_misc_settings":"","passster_redirect_url":"","passster_hide":"no","passster_area_shortcode":"","footnotes":""},"class_list":["post-422","page","type-page","status-publish","hentry","wpbf-post"],"_links":{"self":[{"href":"https:\/\/celsius.ca\/fr\/wp-json\/wp\/v2\/pages\/422","targetHints":{"allow":["GET"]}}],"collection":[{"href":"https:\/\/celsius.ca\/fr\/wp-json\/wp\/v2\/pages"}],"about":[{"href":"https:\/\/celsius.ca\/fr\/wp-json\/wp\/v2\/types\/page"}],"author":[{"embeddable":true,"href":"https:\/\/celsius.ca\/fr\/wp-json\/wp\/v2\/users\/3"}],"replies":[{"embeddable":true,"href":"https:\/\/celsius.ca\/fr\/wp-json\/wp\/v2\/comments?post=422"}],"version-history":[{"count":0,"href":"https:\/\/celsius.ca\/fr\/wp-json\/wp\/v2\/pages\/422\/revisions"}],"wp:attachment":[{"href":"https:\/\/celsius.ca\/fr\/wp-json\/wp\/v2\/media?parent=422"}],"curies":[{"name":"wp","href":"https:\/\/api.w.org\/{rel}","templated":true}]}}